{"id":471,"date":"2024-02-05T10:53:58","date_gmt":"2024-02-05T10:53:58","guid":{"rendered":"https:\/\/auramicompanycom257.mbws.vn\/?page_id=471"},"modified":"2024-07-23T02:54:01","modified_gmt":"2024-07-23T02:54:01","slug":"gioi-thieu","status":"publish","type":"page","link":"https:\/\/auramicompanycom257.mbws.vn\/vi\/gioi-thieu\/","title":{"rendered":"Gi\u1edbi thi\u1ec7u"},"content":{"rendered":"\t<section class=\"section mbws_about-us\" id=\"section_783762837\">\n\t\t<div class=\"bg section-bg fill bg-fill  bg-loaded\" >\n\n\t\t\t\n\t\t\t\n\t\t\t\n\n\t\t<\/div>\n\n\t\t\n\n\t\t<div class=\"section-content relative\">\n\t\t\t\n\n\t\t<\/div>\n\n\t\t\n<style>\n#section_783762837 {\n  padding-top: 30px;\n  padding-bottom: 30px;\n}\n<\/style>\n\t<\/section>\n\t\n\t<section class=\"section mbws_ leisurely -mission\" id=\"section_1420521158\">\n\t\t<div class=\"bg section-bg fill bg-fill  bg-loaded\" >\n\n\t\t\t\n\t\t\t\n\t\t\t\n\n\t\t<\/div>\n\n\t\t\n\n\t\t<div class=\"section-content relative\">\n\t\t\t\n<div class=\"row row-collapse row-full-width\"  id=\"row-1933466777\">\n\n\t<div id=\"col-52665253\" class=\"col medium-6 small-12 large-6\"  >\n\t\t\t\t<div class=\"col-inner\"  >\n\t\t\t\n\t\t\t\n\t<div class=\"img has-hover x md-x lg-x y md-y lg-y\" id=\"image_1887561887\">\n\t\t\t\t\t\t\t\t<div class=\"img-inner dark\" >\n\t\t\t<img loading=\"lazy\" decoding=\"async\" width=\"1264\" height=\"1280\" src=\"https:\/\/auramicompanycom257.mbws.vn\/wp-content\/uploads\/2024\/06\/logo.jpg\" class=\"attachment-original size-original\" alt=\"\" srcset=\"https:\/\/auramicompanycom257.mbws.vn\/wp-content\/uploads\/2024\/06\/logo.jpg 1264w, https:\/\/auramicompanycom257.mbws.vn\/wp-content\/uploads\/2024\/06\/logo-296x300.jpg 296w, https:\/\/auramicompanycom257.mbws.vn\/wp-content\/uploads\/2024\/06\/logo-1011x1024.jpg 1011w, https:\/\/auramicompanycom257.mbws.vn\/wp-content\/uploads\/2024\/06\/logo-768x778.jpg 768w\" sizes=\"(max-width: 1264px) 100vw, 1264px\" \/>\t\t\t\t\t\t\n\t\t\t\t\t<\/div>\n\t\t\t\t\t\t\t\t\n<style>\n#image_1887561887 {\n  width: 100%;\n}\n<\/style>\n\t<\/div>\n\t\n\t\t<\/div>\n\t\t\t\t\t<\/div>\n\n\t\n\n\t<div id=\"col-1369300535\" class=\"col medium-6 small-12 large-6\"  >\n\t\t\t\t<div class=\"col-inner dark\"  >\n\t\t\t\n\t\t\t\n\n\t<div id=\"text-3761270419\" class=\"text list-style\">\n\t\t\n<p>C\u00f4ng ty AURAMI Limited \u0111\u01b0\u1ee3c th\u00e0nh l\u1eadp t\u1ea1i Vi\u1ec7t Nam t\u1eeb s\u1ef1 h\u1ee3p t\u00e1c gi\u1eefa Aurami, Sustainable Resources Group, Inc (SRG) v\u00e0 Foxtail International, LLC.<\/p>\n<p>Trong h\u01a1n 30 n\u0103m qua, SRG \u0111\u00e3 gi\u1ea3m chi ph\u00ed v\u00e0 t\u0103ng t\u00ednh b\u1ec1n v\u1eefng cho c\u00e1c nh\u00e0 s\u1ea3n xu\u1ea5t th\u1ef1c ph\u1ea9m v\u00e0 \u0111\u1ed3 u\u1ed1ng, c\u00e1c c\u00f4ng ty s\u1ea3n xu\u1ea5t c\u00f4ng nghi\u1ec7p, c\u00e1c c\u00f4ng ty cung c\u1ea5p n\u01b0\u1edbc v\u00e0 x\u1eed l\u00fd ch\u1ea5t th\u1ea3i, v\u00e0 c\u00e1c th\u00e0nh ph\u1ed1 th\u00f4ng qua c\u00e1c gi\u1ea3i ph\u00e1p qu\u1ea3n l\u00fd ch\u1ea5t th\u1ea3i to\u00e0n di\u1ec7n, mang l\u1ea1i l\u1ee3i \u00edch cho m\u00f4i tr\u01b0\u1eddng, \u0111\u00e1p \u1ee9ng c\u00e1c quy \u0111\u1ecbnh v\u00e0 gi\u1ea3m chi ph\u00ed v\u1eadn h\u00e0nh. C\u00e1c gi\u1ea3i ph\u00e1p c\u1ee7a SRG gi\u00fap c\u00e1c c\u00f4ng ty \u0111\u1ea1t \u0111\u01b0\u1ee3c m\u1ee5c ti\u00eau kh\u00f4ng \u0111\u1ed5 ch\u1ea5t th\u1ea3i v\u00e0o \u0111\u1ea5t \u0111ai v\u00e0 gi\u1ea3m chi ph\u00ed qu\u1ea3n l\u00fd ch\u1ea5t th\u1ea3i. SRG lu\u00f4n t\u00ecm c\u00e1ch s\u00e1ng t\u1ea1o \u0111\u1ec3 t\u00e1i s\u1eed d\u1ee5ng v\u00e0 t\u00e1i ch\u1ebf ch\u1ea5t th\u1ea3i r\u1eafn v\u00e0 l\u1ecfng t\u1eeb ch\u1ebf bi\u1ebfn th\u1ef1c ph\u1ea9m m\u1ed9t c\u00e1ch c\u00f3 l\u1ee3i cho m\u00f4i tr\u01b0\u1eddng, \u0111\u00e1p \u1ee9ng c\u00e1c quy \u0111\u1ecbnh v\u00e0 gi\u1ea3m chi ph\u00ed v\u1eadn h\u00e0nh. SRG chuy\u1ec3n h\u01b0\u1edbng s\u1eed d\u1ee5ng \u00a0ch\u1ea5t th\u1ea3i th\u00e0nh c\u00e1c \u1ee9ng d\u1ee5ng c\u00f3 \u00edch cho m\u00f4i tr\u01b0\u1eddng: \u1ee9ng d\u1ee5ng \u0111\u1ea5t h\u1eefu c\u01a1, ph\u00e2n h\u1ee7y c\u1ecf, \u0111\u1ea5t s\u1ea3n xu\u1ea5t,, th\u1ee9c \u0103n cho \u0111\u1ed9ng v\u1eadt, ph\u00e2n b\u00f3n, s\u1ea3n xu\u1ea5t n\u0103ng l\u01b0\u1ee3ng\/nhi\u00ean li\u1ec7u v\u00e0 nguy\u00ean li\u1ec7u thay th\u1ebf cho h\u00e0ng ti\u00eau d\u00f9ng (nh\u01b0 than b\u1ebfp, vi\u00ean n\u00e9n nhi\u00ean li\u1ec7u v\u00e0 \u0111\u1ea5t tr\u1ed3ng). H\u01a1n n\u1eefa, SRG c\u00f3 c\u00e1c s\u1ea3n ph\u1ea9m ti\u00eau bi\u1ec3u nh\u01b0 vi\u00ean n\u00e9n nhi\u00ean li\u1ec7u JavaFlame\u00ae, ph\u1ee5 gia vi\u00ean n\u00e9n t\u1ef1 nhi\u00ean Java Lube\u00ae, ph\u00e2n b\u00f3n JavaEarth\u00ae v\u00e0 vi\u00ean n\u00e9n nhi\u00ean li\u1ec7u n\u1ea5u n\u01b0\u1edbng JavaBrewBQ\u00ae t\u1ea1i Hoa K\u1ef3. C\u00f4ng ty c\u00f3 tr\u1ee5 s\u1edf t\u1ea1i Pennsylvania, Hoa K\u1ef3.<\/p>\n<p>Foxtail International, m\u1ed9t c\u00f4ng ty ti\u1ebfp th\u1ecb v\u00e0 ph\u00e2n ph\u1ed1i c\u00e1c s\u1ea3n ph\u1ea9m b\u1ec1n v\u1eefng nh\u01b0 vi\u00ean n\u00e9n c\u00e0 ph\u00ea, vi\u00ean n\u00e9n g\u1ed7, vi\u00ean n\u00e9n l\u00faa, vi\u00ean n\u00e9n v\u1ecf d\u1eeba, than b\u1ebfp v\u1ecf d\u1eeba v\u00e0 nhi\u1ec1u s\u1ea3n ph\u1ea9m kh\u00e1c, c\u00f3 tr\u1ee5 s\u1edf t\u1ea1i Virginia, Hoa K\u1ef3.<\/p>\n\t\t\t<\/div>\n\t\n<a href=\"\/vi\/dich-vu\/\" class=\"button secondary is-large\"  style=\"border-radius:10px;\">\n    <span>S\u1ea3n ph\u1ea9m<\/span>\n  <\/a>\n\n\t\t<\/div>\n\t\t\t\t\n<style>\n#col-1369300535 > .col-inner {\n  padding: 20px 20px 20px 20px;\n}\n@media (min-width:550px) {\n  #col-1369300535 > .col-inner {\n    padding: 60px 60px 60px 60px;\n  }\n}\n<\/style>\n\t<\/div>\n\n\t\n<\/div>\n\t\t<\/div>\n\n\t\t\n<style>\n#section_1420521158 {\n  padding-top: 0px;\n  padding-bottom: 0px;\n  background-color: rgb(26, 134, 29);\n}\n<\/style>\n\t<\/section>\n\t\n\t<section class=\"section\" id=\"section_1392303513\">\n\t\t<div class=\"bg section-bg fill bg-fill  bg-loaded\" >\n\n\t\t\t\n\t\t\t\n\t\t\t\n\n\t\t<\/div>\n\n\t\t\n\n\t\t<div class=\"section-content relative\">\n\t\t\t\n<div class=\"row\"  id=\"row-929677761\">\n\n\t<div id=\"col-95547969\" class=\"col medium-2 small-12 large-2\"  >\n\t\t\t\t<div class=\"col-inner\"  >\n\t\t\t\n\t\t\t\n\t\t<\/div>\n\t\t\t\t\t<\/div>\n\n\t\n\n\t<div id=\"col-2065455714\" class=\"col medium-2 small-12 large-2\"  >\n\t\t\t\t<div class=\"col-inner\" style=\"background-color:rgb(255,255,255);\" >\n\t\t\t\n\t\t\t\n<h3 style=\"text-align: center;\"><strong>Gregory S. Campbell <\/strong><\/h3>\n<p style=\"text-align: center;\">H\u1ed9i \u0111\u1ed3ng qu\u1ea3n tr\u1ecb<\/p>\n\t\t<\/div>\n\t\t\t\t\t<\/div>\n\n\t\n\n\t<div id=\"col-2146276349\" class=\"col medium-7 small-12 large-7\"  >\n\t\t\t\t<div class=\"col-inner\"  >\n\t\t\t\n\t\t\t\n<p style=\"text-align: justify;\">Gregory S. Campbell l\u00e0 Ch\u1ee7 t\u1ecbch c\u1ee7a Sustainable Resources Group, LLC. \u00d4ng c\u0169ng l\u00e0 ng\u01b0\u1eddi s\u00e1ng l\u1eadp c\u1ee7a CDV Associates, LLC (&#8220;CDV&#8221;) n\u01a1i \u00f4ng l\u00e0 T\u1ed5ng gi\u00e1m \u0111\u1ed1c \u0111i\u1ec1u h\u00e0nh. \u00d4ng th\u00e0nh l\u1eadp c\u00f4ng ty ti\u1ec1n nhi\u1ec7m c\u1ee7a CDV v\u00e0o n\u0103m 1996 v\u00e0 th\u00e0nh c\u00f4ng ph\u00e1t tri\u1ec3n m\u01b0\u1eddi b\u1ed1n doanh nghi\u1ec7p kh\u00e1c nhau v\u1edbi CDV l\u00e0 nh\u00e0 t\u00e0i tr\u1ee3 v\u1ed1n ri\u00eang. \u00d4ng Campbell c\u0169ng l\u00e0 th\u00e0nh vi\u00ean c\u1ee7a H\u1ed9i \u0111\u1ed3ng ACCT Holdings, LLC. \u00d4ng Campbell nh\u1eadn B\u1eb1ng k\u1ef9 s\u01b0 h\u00f3a h\u1ecdc t\u1eeb \u0110\u1ea1i h\u1ecdc Vanderbilt v\u00e0 Th\u1ea1c s\u0129 Qu\u1ea3n tr\u1ecb C\u00f4ng nghi\u1ec7p t\u1eeb \u0110\u1ea1i h\u1ecdc Purdue.<\/p>\n\t\t<\/div>\n\t\t\t\t\t<\/div>\n\n\t\n\n\t<div id=\"col-1141104986\" class=\"col medium-2 small-12 large-2\"  >\n\t\t\t\t<div class=\"col-inner\"  >\n\t\t\t\n\t\t\t\n\t\t<\/div>\n\t\t\t\t\t<\/div>\n\n\t\n\n\t<div id=\"col-1183656079\" class=\"col medium-2 small-12 large-2\"  >\n\t\t\t\t<div class=\"col-inner\" style=\"background-color:rgb(255,255,255);\" >\n\t\t\t\n\t\t\t\n<h3 style=\"text-align: center;\"><strong>Henry K. Stepanus<\/strong><\/h3>\n<p style=\"text-align: center;\">H\u1ed9i \u0111\u1ed3ng qu\u1ea3n tr\u1ecb<\/p>\n\t\t<\/div>\n\t\t\t\t\t<\/div>\n\n\t\n\n\t<div id=\"col-36777539\" class=\"col medium-8 small-12 large-8\"  >\n\t\t\t\t<div class=\"col-inner\"  >\n\t\t\t\n\t\t\t\n<p>Henry K. Stepanus, ng\u01b0\u1eddi s\u00e1ng l\u1eadp v\u00e0 CEO c\u1ee7a Foxtail International, c\u00f3 b\u1eb1ng B.S. v\u1ec1 Khoa h\u1ecdc Th\u00f4ng tin \u0110\u1ecba l\u00fd (GIS) v\u1edbi chuy\u00ean ng\u00e0nh Quy ho\u1ea1ch \u0110\u00f4 th\u1ecb t\u1eeb \u0110\u1ea1i h\u1ecdc Arizona State. Hi\u1ec7n t\u1ea1i, \u00f4ng \u0111ang theo h\u1ecdc th\u1ea1c s\u0129 v\u1ec1 Ph\u00e1t tri\u1ec3n GIS t\u1ea1i \u0110\u1ea1i h\u1ecdc Wisconsin-Madison. Ni\u1ec1m \u0111am m\u00ea c\u1ee7a Henry n\u1eb1m trong vi\u1ec7c x\u00e2y d\u1ef1ng m\u1ed9t t\u01b0\u01a1ng lai b\u1ec1n v\u1eefng, ti\u1ebfp th\u1ecb c\u00e1c s\u1ea3n ph\u1ea9m b\u1ec1n v\u1eefng, bao g\u1ed3m c\u1ea3 nhi\u00ean li\u1ec7u t\u1eeb s\u1ea3n ph\u1ea9m th\u1ea3i \u0111\u1ec3 cung c\u1ea5p cho m\u00e1y ph\u00e1t \u0111i\u1ec7n biomass.<\/p>\n\t\t<\/div>\n\t\t\t\t\t<\/div>\n\n\t\n\n\t<div id=\"col-796074576\" class=\"col medium-2 small-12 large-2\"  >\n\t\t\t\t<div class=\"col-inner\"  >\n\t\t\t\n\t\t\t\n\t\t<\/div>\n\t\t\t\t\t<\/div>\n\n\t\n\n\t<div id=\"col-486644949\" class=\"col medium-2 small-12 large-2\"  >\n\t\t\t\t<div class=\"col-inner\" style=\"background-color:rgb(255,255,255);\" >\n\t\t\t\n\t\t\t\n<h3 style=\"text-align: center;\"><strong>Daniel Truong<\/strong><\/h3>\n<p style=\"text-align: center;\">CEO<\/p>\n\t\t<\/div>\n\t\t\t\t\t<\/div>\n\n\t\n\n\t<div id=\"col-992701785\" class=\"col medium-8 small-12 large-8\"  >\n\t\t\t\t<div class=\"col-inner\"  >\n\t\t\t\n\t\t\t\n<p style=\"text-align: justify;\">Daniel l\u00e0 m\u1ed9t chuy\u00ean gia trong l\u0129nh v\u1ef1c xu\u1ea5t nh\u1eadp kh\u1ea9u c\u00e1c s\u1ea3n ph\u1ea9m vi\u00ean n\u00e9n biomass v\u00e0 c\u00f3 ki\u1ebfn th\u1ee9c chuy\u00ean s\u00e2u v\u1ec1 c\u00e1c s\u1ea3n ph\u1ea9m th\u00e2n thi\u1ec7n v\u1edbi m\u00f4i tr\u01b0\u1eddng. V\u1edbi ni\u1ec1m tin m\u1ea1nh m\u1ebd v\u00e0o s\u1ee9 m\u1ec7nh c\u1ee7a m\u00ecnh, anh \u1ea5y tin r\u1eb1ng c\u00f4ng ty Aurami s\u1ebd g\u00f3p ph\u1ea7n quan tr\u1ecdng trong vi\u1ec7c ph\u00e1t tri\u1ec3n v\u00e0 m\u1edf r\u1ed9ng th\u1ecb tr\u01b0\u1eddng cho c\u00e1c s\u1ea3n ph\u1ea9m b\u1ec1n v\u1eefng n\u00e0y. S\u1ef1 t\u1ef1 tin v\u00e0 hi\u1ec3u bi\u1ebft c\u1ee7a anh \u1ea5y s\u1ebd l\u00e0 nh\u1eefng y\u1ebfu t\u1ed1 ch\u1ee7 ch\u1ed1t gi\u00fap c\u00f4ng ty ti\u1ebfp c\u1eadn \u0111\u01b0\u1ee3c nhi\u1ec1u kh\u00e1ch h\u00e0ng ti\u1ec1m n\u0103ng v\u00e0 t\u1ea1o ra s\u1ef1 chuy\u1ec3n bi\u1ebfn t\u00edch c\u1ef1c trong ng\u00e0nh c\u00f4ng nghi\u1ec7p xanh.<\/p>\n\t\t<\/div>\n\t\t\t\t\t<\/div>\n\n\t\n\n<style>\n#row-929677761 > .col > .col-inner {\n  background-color: rgb(255,255,255);\n}\n<\/style>\n<\/div>\n\t\t<\/div>\n\n\t\t\n<style>\n#section_1392303513 {\n  padding-top: 30px;\n  padding-bottom: 30px;\n}\n<\/style>\n\t<\/section>\n\t\n\n","protected":false},"excerpt":{"rendered":"","protected":false},"author":1,"featured_media":0,"parent":0,"menu_order":0,"comment_status":"closed","ping_status":"closed","template":"page-blank.php","meta":{"inline_featured_image":false,"footnotes":""},"rankMath":{"parentDomain":"auramicompanycom257.mbws.vn","noFollowDomains":[],"noFollowExcludeDomains":[],"noFollowExternalLinks":false,"featuredImageNotice":"The featured image should be at least 200 by 200 pixels to be picked up by Facebook and other social media sites.","pluginReviewed":false,"postSettings":{"linkSuggestions":true,"useFocusKeyword":false},"frontEndScore":false,"postName":"gioi-thieu","permalinkFormat":"https:\/\/auramicompanycom257.mbws.vn\/vi\/%pagename%\/","showLockModifiedDate":true,"assessor":{"focusKeywordLink":"https:\/\/auramicompanycom257.mbws.vn\/wp-admin\/edit.php?focus_keyword=%focus_keyword%&post_type=%post_type%","hasTOCPlugin":false,"primaryTaxonomy":false,"serpData":{"title":"","description":"","focusKeywords":"","pillarContent":false,"canonicalUrl":"","breadcrumbTitle":"","advancedRobots":[],"facebookTitle":"","facebookDescription":"","facebookImage":"","facebookImageID":"","facebookHasOverlay":false,"facebookImageOverlay":"","facebookAuthor":"","twitterCardType":"","twitterUseFacebook":true,"twitterTitle":"","twitterDescription":"","twitterImage":"","twitterImageID":"","twitterHasOverlay":false,"twitterImageOverlay":"","twitterPlayerUrl":"","twitterPlayerSize":"","twitterPlayerStream":"","twitterPlayerStreamCtype":"","twitterAppDescription":"","twitterAppIphoneName":"","twitterAppIphoneID":"","twitterAppIphoneUrl":"","twitterAppIpadName":"","twitterAppIpadID":"","twitterAppIpadUrl":"","twitterAppGoogleplayName":"","twitterAppGoogleplayID":"","twitterAppGoogleplayUrl":"","twitterAppCountry":"","robots":{"index":true},"twitterAuthor":"username","primaryTerm":0,"authorName":"admin","titleTemplate":"%title% %sep% %sitename%","descriptionTemplate":"%excerpt%","showScoreFrontend":true,"lockModifiedDate":false},"powerWords":[],"diacritics":{"A":"[\\u0041\\u24B6\\uFF21\\u00C0\\u00C1\\u00C2\\u1EA6\\u1EA4\\u1EAA\\u1EA8\\u00C3\\u0100\\u0102\\u1EB0\\u1EAE\\u1EB4\\u1EB2\\u0226\\u01E0\\u00C4\\u01DE\\u1EA2\\u00C5\\u01FA\\u01CD\\u0200\\u0202\\u1EA0\\u1EAC\\u1EB6\\u1E00\\u0104\\u023A\\u2C6F]","AA":"[\\uA732]","AE":"[\\u00C6\\u01FC\\u01E2]","AO":"[\\uA734]","AU":"[\\uA736]","AV":"[\\uA738\\uA73A]","AY":"[\\uA73C]","B":"[\\u0042\\u24B7\\uFF22\\u1E02\\u1E04\\u1E06\\u0243\\u0182\\u0181]","C":"[\\u0043\\u24B8\\uFF23\\u0106\\u0108\\u010A\\u010C\\u00C7\\u1E08\\u0187\\u023B\\uA73E]","D":"[\\u0044\\u24B9\\uFF24\\u1E0A\\u010E\\u1E0C\\u1E10\\u1E12\\u1E0E\\u0110\\u018B\\u018A\\u0189\\uA779]","DZ":"[\\u01F1\\u01C4]","Dz":"[\\u01F2\\u01C5]","E":"[\\u0045\\u24BA\\uFF25\\u00C8\\u00C9\\u00CA\\u1EC0\\u1EBE\\u1EC4\\u1EC2\\u1EBC\\u0112\\u1E14\\u1E16\\u0114\\u0116\\u00CB\\u1EBA\\u011A\\u0204\\u0206\\u1EB8\\u1EC6\\u0228\\u1E1C\\u0118\\u1E18\\u1E1A\\u0190\\u018E]","F":"[\\u0046\\u24BB\\uFF26\\u1E1E\\u0191\\uA77B]","G":"[\\u0047\\u24BC\\uFF27\\u01F4\\u011C\\u1E20\\u011E\\u0120\\u01E6\\u0122\\u01E4\\u0193\\uA7A0\\uA77D\\uA77E]","H":"[\\u0048\\u24BD\\uFF28\\u0124\\u1E22\\u1E26\\u021E\\u1E24\\u1E28\\u1E2A\\u0126\\u2C67\\u2C75\\uA78D]","I":"[\\u0049\\u24BE\\uFF29\\u00CC\\u00CD\\u00CE\\u0128\\u012A\\u012C\\u0130\\u00CF\\u1E2E\\u1EC8\\u01CF\\u0208\\u020A\\u1ECA\\u012E\\u1E2C\\u0197]","J":"[\\u004A\\u24BF\\uFF2A\\u0134\\u0248]","K":"[\\u004B\\u24C0\\uFF2B\\u1E30\\u01E8\\u1E32\\u0136\\u1E34\\u0198\\u2C69\\uA740\\uA742\\uA744\\uA7A2]","L":"[\\u004C\\u24C1\\uFF2C\\u013F\\u0139\\u013D\\u1E36\\u1E38\\u013B\\u1E3C\\u1E3A\\u0141\\u023D\\u2C62\\u2C60\\uA748\\uA746\\uA780]","LJ":"[\\u01C7]","Lj":"[\\u01C8]","M":"[\\u004D\\u24C2\\uFF2D\\u1E3E\\u1E40\\u1E42\\u2C6E\\u019C]","N":"[\\u004E\\u24C3\\uFF2E\\u01F8\\u0143\\u00D1\\u1E44\\u0147\\u1E46\\u0145\\u1E4A\\u1E48\\u0220\\u019D\\uA790\\uA7A4]","NJ":"[\\u01CA]","Nj":"[\\u01CB]","O":"[\\u004F\\u24C4\\uFF2F\\u00D2\\u00D3\\u00D4\\u1ED2\\u1ED0\\u1ED6\\u1ED4\\u00D5\\u1E4C\\u022C\\u1E4E\\u014C\\u1E50\\u1E52\\u014E\\u022E\\u0230\\u00D6\\u022A\\u1ECE\\u0150\\u01D1\\u020C\\u020E\\u01A0\\u1EDC\\u1EDA\\u1EE0\\u1EDE\\u1EE2\\u1ECC\\u1ED8\\u01EA\\u01EC\\u00D8\\u01FE\\u0186\\u019F\\uA74A\\uA74C]","OI":"[\\u01A2]","OO":"[\\uA74E]","OU":"[\\u0222]","P":"[\\u0050\\u24C5\\uFF30\\u1E54\\u1E56\\u01A4\\u2C63\\uA750\\uA752\\uA754]","Q":"[\\u0051\\u24C6\\uFF31\\uA756\\uA758\\u024A]","R":"[\\u0052\\u24C7\\uFF32\\u0154\\u1E58\\u0158\\u0210\\u0212\\u1E5A\\u1E5C\\u0156\\u1E5E\\u024C\\u2C64\\uA75A\\uA7A6\\uA782]","S":"[\\u0053\\u24C8\\uFF33\\u1E9E\\u015A\\u1E64\\u015C\\u1E60\\u0160\\u1E66\\u1E62\\u1E68\\u0218\\u015E\\u2C7E\\uA7A8\\uA784]","T":"[\\u0054\\u24C9\\uFF34\\u1E6A\\u0164\\u1E6C\\u021A\\u0162\\u1E70\\u1E6E\\u0166\\u01AC\\u01AE\\u023E\\uA786]","TZ":"[\\uA728]","U":"[\\u0055\\u24CA\\uFF35\\u00D9\\u00DA\\u00DB\\u0168\\u1E78\\u016A\\u1E7A\\u016C\\u00DC\\u01DB\\u01D7\\u01D5\\u01D9\\u1EE6\\u016E\\u0170\\u01D3\\u0214\\u0216\\u01AF\\u1EEA\\u1EE8\\u1EEE\\u1EEC\\u1EF0\\u1EE4\\u1E72\\u0172\\u1E76\\u1E74\\u0244]","V":"[\\u0056\\u24CB\\uFF36\\u1E7C\\u1E7E\\u01B2\\uA75E\\u0245]","VY":"[\\uA760]","W":"[\\u0057\\u24CC\\uFF37\\u1E80\\u1E82\\u0174\\u1E86\\u1E84\\u1E88\\u2C72]","X":"[\\u0058\\u24CD\\uFF38\\u1E8A\\u1E8C]","Y":"[\\u0059\\u24CE\\uFF39\\u1EF2\\u00DD\\u0176\\u1EF8\\u0232\\u1E8E\\u0178\\u1EF6\\u1EF4\\u01B3\\u024E\\u1EFE]","Z":"[\\u005A\\u24CF\\uFF3A\\u0179\\u1E90\\u017B\\u017D\\u1E92\\u1E94\\u01B5\\u0224\\u2C7F\\u2C6B\\uA762]","a":"[\\u0061\\u24D0\\uFF41\\u1E9A\\u00E0\\u00E1\\u00E2\\u1EA7\\u1EA5\\u1EAB\\u1EA9\\u00E3\\u0101\\u0103\\u1EB1\\u1EAF\\u1EB5\\u1EB3\\u0227\\u01E1\\u00E4\\u01DF\\u1EA3\\u00E5\\u01FB\\u01CE\\u0201\\u0203\\u1EA1\\u1EAD\\u1EB7\\u1E01\\u0105\\u2C65\\u0250]","aa":"[\\uA733]","ae":"[\\u00E6\\u01FD\\u01E3]","ao":"[\\uA735]","au":"[\\uA737]","av":"[\\uA739\\uA73B]","ay":"[\\uA73D]","b":"[\\u0062\\u24D1\\uFF42\\u1E03\\u1E05\\u1E07\\u0180\\u0183\\u0253]","c":"[\\u0063\\u24D2\\uFF43\\u0107\\u0109\\u010B\\u010D\\u00E7\\u1E09\\u0188\\u023C\\uA73F\\u2184]","d":"[\\u0064\\u24D3\\uFF44\\u1E0B\\u010F\\u1E0D\\u1E11\\u1E13\\u1E0F\\u0111\\u018C\\u0256\\u0257\\uA77A]","dz":"[\\u01F3\\u01C6]","e":"[\\u0065\\u24D4\\uFF45\\u00E8\\u00E9\\u00EA\\u1EC1\\u1EBF\\u1EC5\\u1EC3\\u1EBD\\u0113\\u1E15\\u1E17\\u0115\\u0117\\u00EB\\u1EBB\\u011B\\u0205\\u0207\\u1EB9\\u1EC7\\u0229\\u1E1D\\u0119\\u1E19\\u1E1B\\u0247\\u025B\\u01DD]","f":"[\\u0066\\u24D5\\uFF46\\u1E1F\\u0192\\uA77C]","g":"[\\u0067\\u24D6\\uFF47\\u01F5\\u011D\\u1E21\\u011F\\u0121\\u01E7\\u0123\\u01E5\\u0260\\uA7A1\\u1D79\\uA77F]","h":"[\\u0068\\u24D7\\uFF48\\u0125\\u1E23\\u1E27\\u021F\\u1E25\\u1E29\\u1E2B\\u1E96\\u0127\\u2C68\\u2C76\\u0265]","hv":"[\\u0195]","i":"[\\u0069\\u24D8\\uFF49\\u00EC\\u00ED\\u00EE\\u0129\\u012B\\u012D\\u00EF\\u1E2F\\u1EC9\\u01D0\\u0209\\u020B\\u1ECB\\u012F\\u1E2D\\u0268\\u0131]","j":"[\\u006A\\u24D9\\uFF4A\\u0135\\u01F0\\u0249]","k":"[\\u006B\\u24DA\\uFF4B\\u1E31\\u01E9\\u1E33\\u0137\\u1E35\\u0199\\u2C6A\\uA741\\uA743\\uA745\\uA7A3]","l":"[\\u006C\\u24DB\\uFF4C\\u0140\\u013A\\u013E\\u1E37\\u1E39\\u013C\\u1E3D\\u1E3B\\u017F\\u0142\\u019A\\u026B\\u2C61\\uA749\\uA781\\uA747]","lj":"[\\u01C9]","m":"[\\u006D\\u24DC\\uFF4D\\u1E3F\\u1E41\\u1E43\\u0271\\u026F]","n":"[\\u006E\\u24DD\\uFF4E\\u01F9\\u0144\\u00F1\\u1E45\\u0148\\u1E47\\u0146\\u1E4B\\u1E49\\u019E\\u0272\\u0149\\uA791\\uA7A5]","nj":"[\\u01CC]","o":"[\\u006F\\u24DE\\uFF4F\\u00F2\\u00F3\\u00F4\\u1ED3\\u1ED1\\u1ED7\\u1ED5\\u00F5\\u1E4D\\u022D\\u1E4F\\u014D\\u1E51\\u1E53\\u014F\\u022F\\u0231\\u00F6\\u022B\\u1ECF\\u0151\\u01D2\\u020D\\u020F\\u01A1\\u1EDD\\u1EDB\\u1EE1\\u1EDF\\u1EE3\\u1ECD\\u1ED9\\u01EB\\u01ED\\u00F8\\u01FF\\u0254\\uA74B\\uA74D\\u0275]","oi":"[\\u01A3]","ou":"[\\u0223]","oo":"[\\uA74F]","p":"[\\u0070\\u24DF\\uFF50\\u1E55\\u1E57\\u01A5\\u1D7D\\uA751\\uA753\\uA755]","q":"[\\u0071\\u24E0\\uFF51\\u024B\\uA757\\uA759]","r":"[\\u0072\\u24E1\\uFF52\\u0155\\u1E59\\u0159\\u0211\\u0213\\u1E5B\\u1E5D\\u0157\\u1E5F\\u024D\\u027D\\uA75B\\uA7A7\\uA783]","s":"[\\u0073\\u24E2\\uFF53\\u015B\\u1E65\\u015D\\u1E61\\u0161\\u1E67\\u1E63\\u1E69\\u0219\\u015F\\u023F\\uA7A9\\uA785\\u1E9B]","ss":"[\\u00DF]","t":"[\\u0074\\u24E3\\uFF54\\u1E6B\\u1E97\\u0165\\u1E6D\\u021B\\u0163\\u1E71\\u1E6F\\u0167\\u01AD\\u0288\\u2C66\\uA787]","tz":"[\\uA729]","u":"[\\u0075\\u24E4\\uFF55\\u00F9\\u00FA\\u00FB\\u0169\\u1E79\\u016B\\u1E7B\\u016D\\u00FC\\u01DC\\u01D8\\u01D6\\u01DA\\u1EE7\\u016F\\u0171\\u01D4\\u0215\\u0217\\u01B0\\u1EEB\\u1EE9\\u1EEF\\u1EED\\u1EF1\\u1EE5\\u1E73\\u0173\\u1E77\\u1E75\\u0289]","v":"[\\u0076\\u24E5\\uFF56\\u1E7D\\u1E7F\\u028B\\uA75F\\u028C]","vy":"[\\uA761]","w":"[\\u0077\\u24E6\\uFF57\\u1E81\\u1E83\\u0175\\u1E87\\u1E85\\u1E98\\u1E89\\u2C73]","x":"[\\u0078\\u24E7\\uFF58\\u1E8B\\u1E8D]","y":"[\\u0079\\u24E8\\uFF59\\u1EF3\\u00FD\\u0177\\u1EF9\\u0233\\u1E8F\\u00FF\\u1EF7\\u1E99\\u1EF5\\u01B4\\u024F\\u1EFF]","z":"[\\u007A\\u24E9\\uFF5A\\u017A\\u1E91\\u017C\\u017E\\u1E93\\u1E95\\u01B6\\u0225\\u0240\\u2C6C\\uA763]"},"researchesTests":["contentHasTOC","contentHasShortParagraphs","contentHasAssets","keywordInTitle","keywordInMetaDescription","keywordInPermalink","keywordIn10Percent","keywordInContent","keywordInSubheadings","keywordInImageAlt","keywordDensity","keywordNotUsed","lengthContent","lengthPermalink","linksHasInternal","linksHasExternals","linksNotAllExternals","titleStartWithKeyword","titleSentiment","titleHasPowerWords","titleHasNumber","hasContentAI"],"hasRedirection":false,"hasBreadcrumb":false},"homeUrl":"https:\/\/auramicompanycom257.mbws.vn\/vi\/","objectID":471,"objectType":"post","locale":"vi","localeFull":"vi_VN","overlayImages":{"play":{"name":"Play icon","url":"https:\/\/auramicompanycom257.mbws.vn\/wp-content\/plugins\/seo-by-rank-math\/assets\/admin\/img\/icon-play.png","path":"\/var\/www\/vhosts\/auramicompanycom257.mbws.vn\/httpdocs\/wp-content\/plugins\/seo-by-rank-math\/assets\/admin\/img\/icon-play.png","position":"middle_center"},"gif":{"name":"GIF icon","url":"https:\/\/auramicompanycom257.mbws.vn\/wp-content\/plugins\/seo-by-rank-math\/assets\/admin\/img\/icon-gif.png","path":"\/var\/www\/vhosts\/auramicompanycom257.mbws.vn\/httpdocs\/wp-content\/plugins\/seo-by-rank-math\/assets\/admin\/img\/icon-gif.png","position":"middle_center"}},"defautOgImage":"https:\/\/auramicompanycom257.mbws.vn\/wp-content\/plugins\/seo-by-rank-math\/assets\/admin\/img\/social-placeholder.jpg","customPermalinks":true,"isUserRegistered":false,"autoSuggestKeywords":false,"connectSiteUrl":"https:\/\/rankmath.com\/auth?site=https%3A%2F%2Fauramicompanycom257.mbws.vn%2Fvi%2F&r=https%3A%2F%2Fauramicompanycom257.mbws.vn%2Fvi%2Fwp-json%2Fwp%2Fv2%2Fpages%2F471%3Fnonce%3Dd20d728210","maxTags":5,"trendsIcon":"<svg viewBox=\"0 0 610 610\"><path d=\"M18.85,446,174.32,290.48l58.08,58.08L76.93,504a14.54,14.54,0,0,1-20.55,0L18.83,466.48a14.54,14.54,0,0,1,0-20.55Z\" style=\"fill:#4285f4\"\/><path d=\"M242.65,242.66,377.59,377.6l-47.75,47.75a14.54,14.54,0,0,1-20.55,0L174.37,290.43l47.75-47.75A14.52,14.52,0,0,1,242.65,242.66Z\" style=\"fill:#ea4335\"\/><polygon points=\"319.53 319.53 479.26 159.8 537.34 217.88 377.61 377.62 319.53 319.53\" style=\"fill:#fabb05\"\/><path d=\"M594.26,262.73V118.61h0a16.94,16.94,0,0,0-16.94-16.94H433.2a16.94,16.94,0,0,0-12,28.92L565.34,274.71h0a16.94,16.94,0,0,0,28.92-12Z\" style=\"fill:#34a853\"\/><rect width=\"610\" height=\"610\" style=\"fill:none\"\/><\/svg>","showScore":true,"siteFavIcon":"https:\/\/auramicompanycom257.mbws.vn\/wp-content\/uploads\/2024\/06\/cropped-logo-removebg-preview-1-32x32.png","canUser":{"general":false,"advanced":false,"snippet":false,"social":false,"analysis":false,"analytics":false,"content_ai":false},"showKeywordIntent":true,"isPro":false,"is_front_page":false,"trendsUpgradeLink":"https:\/\/rankmath.com\/pricing\/?utm_source=Plugin&utm_medium=CE%20General%20Tab%20Trends&utm_campaign=WP","trendsUpgradeLabel":"Upgrade","trendsPreviewImage":"https:\/\/auramicompanycom257.mbws.vn\/wp-content\/plugins\/seo-by-rank-math\/assets\/admin\/img\/trends-preview.jpg","currentEditor":false,"homepageData":{"assessor":{"powerWords":[],"diacritics":true,"researchesTests":["contentHasTOC","contentHasShortParagraphs","contentHasAssets","keywordInTitle","keywordInMetaDescription","keywordInPermalink","keywordIn10Percent","keywordInContent","keywordInSubheadings","keywordInImageAlt","keywordDensity","keywordNotUsed","lengthContent","lengthPermalink","linksHasInternal","linksHasExternals","linksNotAllExternals","titleStartWithKeyword","titleSentiment","titleHasPowerWords","titleHasNumber","hasContentAI"],"hasBreadcrumb":false,"serpData":{"title":"%sitename% %page% %sep% %sitedesc%","description":"","titleTemplate":"%sitename% %page% %sep% %sitedesc%","descriptionTemplate":"","focusKeywords":"","breadcrumbTitle":"Home","robots":{"index":true},"advancedRobots":[],"facebookTitle":"","facebookDescription":"","facebookImage":"","facebookImageID":""}}},"tocTitle":"Table of Contents","tocExcludeHeadings":[],"listStyle":"ul"},"_links":{"self":[{"href":"https:\/\/auramicompanycom257.mbws.vn\/vi\/wp-json\/wp\/v2\/pages\/471"}],"collection":[{"href":"https:\/\/auramicompanycom257.mbws.vn\/vi\/wp-json\/wp\/v2\/pages"}],"about":[{"href":"https:\/\/auramicompanycom257.mbws.vn\/vi\/wp-json\/wp\/v2\/types\/page"}],"author":[{"embeddable":true,"href":"https:\/\/auramicompanycom257.mbws.vn\/vi\/wp-json\/wp\/v2\/users\/1"}],"replies":[{"embeddable":true,"href":"https:\/\/auramicompanycom257.mbws.vn\/vi\/wp-json\/wp\/v2\/comments?post=471"}],"version-history":[{"count":14,"href":"https:\/\/auramicompanycom257.mbws.vn\/vi\/wp-json\/wp\/v2\/pages\/471\/revisions"}],"predecessor-version":[{"id":817,"href":"https:\/\/auramicompanycom257.mbws.vn\/vi\/wp-json\/wp\/v2\/pages\/471\/revisions\/817"}],"wp:attachment":[{"href":"https:\/\/auramicompanycom257.mbws.vn\/vi\/wp-json\/wp\/v2\/media?parent=471"}],"curies":[{"name":"wp","href":"https:\/\/api.w.org\/{rel}","templated":true}]}}